{"id":4156,"date":"2020-07-22T23:16:29","date_gmt":"2020-07-22T23:16:29","guid":{"rendered":"https:\/\/renouee.millevaches.net\/newsletter\/"},"modified":"2024-08-31T14:03:58","modified_gmt":"2024-08-31T14:03:58","slug":"lettre-d-informations","status":"publish","type":"page","link":"https:\/\/renouee.millevaches.net\/WP\/lettre-d-informations\/","title":{"rendered":"Lettre d&rsquo;informations"},"content":{"rendered":"\n\n  \n  \n  <div class=\"\n    mailpoet_form_popup_overlay\n      \"><\/div>\n  <div\n    id=\"mailpoet_form_4\"\n    class=\"\n      mailpoet_form\n      mailpoet_form_html\n      mailpoet_form_position_\n      mailpoet_form_animation_\n    \"\n      >\n\n    <style type=\"text\/css\">\n     #mailpoet_form_4 .mailpoet_form {  }\n#mailpoet_form_4 form { margin-bottom: 0; }\n#mailpoet_form_4 h1.mailpoet-heading { margin: 0 0 10px; }\n#mailpoet_form_4 p.mailpoet_form_paragraph.last { margin-bottom: 0px; }\n#mailpoet_form_4 .mailpoet_column_with_background { padding: 10px; }\n#mailpoet_form_4 .mailpoet_form_column:not(:first-child) { margin-left: 20px; }\n#mailpoet_form_4 .mailpoet_paragraph { line-height: 20px; margin-bottom: 20px; }\n#mailpoet_form_4 .mailpoet_segment_label, #mailpoet_form_4 .mailpoet_text_label, #mailpoet_form_4 .mailpoet_textarea_label, #mailpoet_form_4 .mailpoet_select_label, #mailpoet_form_4 .mailpoet_radio_label, #mailpoet_form_4 .mailpoet_checkbox_label, #mailpoet_form_4 .mailpoet_list_label, #mailpoet_form_4 .mailpoet_date_label { display: block; font-weight: normal; }\n#mailpoet_form_4 .mailpoet_text, #mailpoet_form_4 .mailpoet_textarea, #mailpoet_form_4 .mailpoet_select, #mailpoet_form_4 .mailpoet_date_month, #mailpoet_form_4 .mailpoet_date_day, #mailpoet_form_4 .mailpoet_date_year, #mailpoet_form_4 .mailpoet_date { display: block; }\n#mailpoet_form_4 .mailpoet_text, #mailpoet_form_4 .mailpoet_textarea { width: 200px; }\n#mailpoet_form_4 .mailpoet_checkbox {  }\n#mailpoet_form_4 .mailpoet_submit {  }\n#mailpoet_form_4 .mailpoet_divider {  }\n#mailpoet_form_4 .mailpoet_message {  }\n#mailpoet_form_4 .mailpoet_form_loading { width: 30px; text-align: center; line-height: normal; }\n#mailpoet_form_4 .mailpoet_form_loading > span { width: 5px; height: 5px; background-color: #5b5b5b; }#mailpoet_form_4{border: 10px solid #f7f7f7;border-radius: 0px;background: #ffffff;color: #313131;text-align: left;}#mailpoet_form_4 form.mailpoet_form {padding: 0px;}#mailpoet_form_4{width: 100%;}#mailpoet_form_4 .mailpoet_message {margin: 0; padding: 0 20px;}\n        #mailpoet_form_4 .mailpoet_validate_success {color: #00d084}\n        #mailpoet_form_4 input.parsley-success {color: #00d084}\n        #mailpoet_form_4 select.parsley-success {color: #00d084}\n        #mailpoet_form_4 textarea.parsley-success {color: #00d084}\n      \n        #mailpoet_form_4 .mailpoet_validate_error {color: #cf2e2e}\n        #mailpoet_form_4 input.parsley-error {color: #cf2e2e}\n        #mailpoet_form_4 select.parsley-error {color: #cf2e2e}\n        #mailpoet_form_4 textarea.textarea.parsley-error {color: #cf2e2e}\n        #mailpoet_form_4 .parsley-errors-list {color: #cf2e2e}\n        #mailpoet_form_4 .parsley-required {color: #cf2e2e}\n        #mailpoet_form_4 .parsley-custom-error-message {color: #cf2e2e}\n      #mailpoet_form_4 .mailpoet_paragraph.last {margin-bottom: 0} @media (max-width: 500px) {#mailpoet_form_4 {background: #ffffff;}} @media (min-width: 500px) {#mailpoet_form_4 .last .mailpoet_paragraph:last-child {margin-bottom: 0}}  @media (max-width: 500px) {#mailpoet_form_4 .mailpoet_form_column:last-child .mailpoet_paragraph:last-child {margin-bottom: 0}} \n    <\/style>\n\n    <form\n      target=\"_self\"\n      method=\"post\"\n      action=\"https:\/\/renouee.millevaches.net\/WP\/wp-admin\/admin-post.php?action=mailpoet_subscription_form\"\n      class=\"mailpoet_form mailpoet_form_form mailpoet_form_html\"\n      novalidate\n      data-delay=\"\"\n      data-exit-intent-enabled=\"\"\n      data-font-family=\"\"\n      data-cookie-expiration-time=\"\"\n    >\n      <input type=\"hidden\" name=\"data[form_id]\" value=\"4\" \/>\n      <input type=\"hidden\" name=\"token\" value=\"be8a667aef\" \/>\n      <input type=\"hidden\" name=\"api_version\" value=\"v1\" \/>\n      <input type=\"hidden\" name=\"endpoint\" value=\"subscribers\" \/>\n      <input type=\"hidden\" name=\"mailpoet_method\" value=\"subscribe\" \/>\n\n      <label class=\"mailpoet_hp_email_label\" style=\"display: none !important;\">Veuillez laisser ce champ vide<input type=\"email\" name=\"data[email]\"\/><\/label><div class='mailpoet_spacer' style='height: 1px;'><\/div>\n<h1 class=\"mailpoet-heading \" style=\"text-align: left\">Suivez l&rsquo;agenda et les actualit\u00e9s de l&rsquo;association<\/h1>\n<p class=\"mailpoet_form_paragraph \" style=\"text-align: left\">Nous vous enverrons entre 1 et 5 messages par mois et n&rsquo;utiliserons votre adresse que pour cel\u00e0. Vous pourrez vous d\u00e9sinscrire \u00e0 tout moment.<\/p>\n<div class=\"mailpoet_paragraph \"><style>input[name=\"data[form_field_M2MwOGRhNWI5OWQ4X2VtYWls]\"]::placeholder{color:#abb8c3;opacity: 1;}<\/style><input type=\"email\" autocomplete=\"email\" class=\"mailpoet_text\" id=\"form_email_4\" name=\"data[form_field_M2MwOGRhNWI5OWQ4X2VtYWls]\" title=\"Adresse e-mail\" value=\"\" style=\"width:100%;box-sizing:border-box;background-color:#eeeeee;border-style:solid;border-radius:8px !important;border-width:0px;border-color:#313131;padding:16px;margin: 0 auto 0 0;font-family:&#039;Montserrat&#039;;font-size:16px;line-height:1.5;height:auto;color:#abb8c3;\" data-automation-id=\"form_email\"  placeholder=\"Adresse e-mail *\" aria-label=\"Adresse e-mail *\" data-parsley-errors-container=\".mailpoet_error_1889i\" data-parsley-required=\"true\" required aria-required=\"true\" data-parsley-minlength=\"6\" data-parsley-maxlength=\"150\" data-parsley-type-message=\"Cette valeur doit \u00eatre un e-mail valide.\" data-parsley-required-message=\"Ce champ est n\u00e9cessaire.\"\/><span class=\"mailpoet_error_1889i\"><\/span><\/div>\n<div class=\"mailpoet_paragraph \"><input type=\"submit\" class=\"mailpoet_submit\" value=\"Recevoir la lettre d&#039;informations\" data-automation-id=\"subscribe-submit-button\" data-font-family='Montserrat' style=\"width:100%;box-sizing:border-box;background-color:#abb8c3;border-style:solid;border-radius:8px !important;border-width:0px;padding:20px;margin: 0 auto 0 0;font-family:&#039;Montserrat&#039;;font-size:17px;line-height:1.5;height:auto;color:#000000;border-color:transparent;font-weight:bold;\" \/><span class=\"mailpoet_form_loading\"><span class=\"mailpoet_bounce1\"><\/span><span class=\"mailpoet_bounce2\"><\/span><span class=\"mailpoet_bounce3\"><\/span><\/span><\/div>\n\n      <div class=\"mailpoet_message\">\n        <p class=\"mailpoet_validate_success\"\n                style=\"display:none;\"\n                >V\u00e9rifiez votre bo\u00eete de r\u00e9ception ou votre dossier d\u2019ind\u00e9sirables pour confirmer votre abonnement !\n        <\/p>\n        <p class=\"mailpoet_validate_error\"\n                style=\"display:none;\"\n                >        <\/p>\n      <\/div>\n    <\/form>\n\n      <\/div>\n\n  ","protected":false},"excerpt":{"rendered":"","protected":false},"author":2,"featured_media":0,"parent":0,"menu_order":0,"comment_status":"closed","ping_status":"closed","template":"","meta":{"footnotes":""},"class_list":["post-4156","page","type-page","status-publish","hentry"],"_links":{"self":[{"href":"https:\/\/renouee.millevaches.net\/WP\/wp-json\/wp\/v2\/pages\/4156","targetHints":{"allow":["GET"]}}],"collection":[{"href":"https:\/\/renouee.millevaches.net\/WP\/wp-json\/wp\/v2\/pages"}],"about":[{"href":"https:\/\/renouee.millevaches.net\/WP\/wp-json\/wp\/v2\/types\/page"}],"author":[{"embeddable":true,"href":"https:\/\/renouee.millevaches.net\/WP\/wp-json\/wp\/v2\/users\/2"}],"replies":[{"embeddable":true,"href":"https:\/\/renouee.millevaches.net\/WP\/wp-json\/wp\/v2\/comments?post=4156"}],"version-history":[{"count":0,"href":"https:\/\/renouee.millevaches.net\/WP\/wp-json\/wp\/v2\/pages\/4156\/revisions"}],"wp:attachment":[{"href":"https:\/\/renouee.millevaches.net\/WP\/wp-json\/wp\/v2\/media?parent=4156"}],"curies":[{"name":"wp","href":"https:\/\/api.w.org\/{rel}","templated":true}]}}